{"id":2954,"date":"2025-07-28T15:02:14","date_gmt":"2025-07-28T13:02:14","guid":{"rendered":"https:\/\/elbe-opti.porte7.com\/oeuvre\/defile-jerome-dreyfuss\/"},"modified":"2025-09-16T17:38:21","modified_gmt":"2025-09-16T15:38:21","slug":"defile-jerome-dreyfuss","status":"publish","type":"product","link":"https:\/\/www.elbe-editions.com\/en\/oeuvre\/defile-jerome-dreyfuss\/","title":{"rendered":"D\u00e9fil\u00e9 J\u00e9r\u00f4me Dreyfuss"},"content":{"rendered":"<p>Title : D\u00e9fil\u00e9 J\u00e9r\u00f4me Dreyfuss<br \/>\nYear : 2000<br \/>\nOriginal technique :<br \/>\nNikon FM2, film photography, reworked negative, without any digital processing, using juxtaposition, overprinting.<\/p>\n","protected":false},"excerpt":{"rendered":"<p>The idea for \u00ab Do Not Disturb \u00bb came from the little signs that we put on hotel room doors, so as not to be disturbed. The poster images feature an intriguing fusion of human and abstract forms. The figure\u2019s slightly swaying or moving postures add a touch of elegance and mystery, inviting the viewer to contemplate the balance between reality and abstraction. As a whole, the works stand out for their ability to evoke a rich visual narrative, while leaving room for personal interpretation. Bold choices of color and composition make for pieces that are both captivating and intriguing, capturing the imagination and stimulating thought.<\/p>\n","protected":false},"featured_media":2946,"comment_status":"open","ping_status":"closed","template":"","meta":{"_acf_changed":false,"_uag_custom_page_level_css":""},"product_brand":[130],"product_cat":[91],"product_tag":[125],"class_list":{"0":"post-2954","1":"product","2":"type-product","3":"status-publish","4":"has-post-thumbnail","6":"product_brand-alice-aladjem","7":"product_cat-poster","8":"product_tag-alice-aladjem","10":"first","11":"instock","12":"shipping-taxable","13":"purchasable","14":"product-type-variable","15":"has-default-attributes"},"acf":[],"yoast_head":"<!-- This site is optimized with the Yoast SEO plugin v27.2 - https:\/\/yoast.com\/product\/yoast-seo-wordpress\/ -->\n<title>D\u00e9fil\u00e9 J\u00e9r\u00f4me Dreyfuss - Elb\u00e9 Editions<\/title>\n<meta name=\"robots\" content=\"index, follow, max-snippet:-1, max-image-preview:large, max-video-preview:-1\" \/>\n<link rel=\"canonical\" href=\"https:\/\/www.elbe-editions.com\/en\/oeuvre\/defile-jerome-dreyfuss\/\" \/>\n<meta property=\"og:locale\" content=\"en_US\" \/>\n<meta property=\"og:type\" content=\"article\" \/>\n<meta property=\"og:title\" content=\"D\u00e9fil\u00e9 J\u00e9r\u00f4me Dreyfuss - Elb\u00e9 Editions\" \/>\n<meta property=\"og:description\" content=\"The idea for \u00ab Do Not Disturb \u00bb came from the little signs that we put on hotel room doors, so as not to be disturbed. The poster images feature an intriguing fusion of human and abstract forms. The figure\u2019s slightly swaying or moving postures add a touch of elegance and mystery, inviting the viewer to contemplate the balance between reality and abstraction. As a whole, the works stand out for their ability to evoke a rich visual narrative, while leaving room for personal interpretation. Bold choices of color and composition make for pieces that are both captivating and intriguing, capturing the imagination and stimulating thought.\" \/>\n<meta property=\"og:url\" content=\"https:\/\/www.elbe-editions.com\/en\/oeuvre\/defile-jerome-dreyfuss\/\" \/>\n<meta property=\"og:site_name\" content=\"Elb\u00e9 Editions\" \/>\n<meta property=\"article:modified_time\" content=\"2025-09-16T15:38:21+00:00\" \/>\n<meta property=\"og:image\" content=\"https:\/\/www.elbe-editions.com\/wp-content\/uploads\/2025\/07\/Alice-Aladjem-Photo4-Shop.webp\" \/>\n\t<meta property=\"og:image:width\" content=\"600\" \/>\n\t<meta property=\"og:image:height\" content=\"840\" \/>\n\t<meta property=\"og:image:type\" content=\"image\/webp\" \/>\n<meta name=\"twitter:card\" content=\"summary_large_image\" \/>\n<script type=\"application\/ld+json\" class=\"yoast-schema-graph\">{\"@context\":\"https:\/\/schema.org\",\"@graph\":[{\"@type\":\"WebPage\",\"@id\":\"https:\/\/www.elbe-editions.com\/en\/oeuvre\/defile-jerome-dreyfuss\/\",\"url\":\"https:\/\/www.elbe-editions.com\/en\/oeuvre\/defile-jerome-dreyfuss\/\",\"name\":\"D\u00e9fil\u00e9 J\u00e9r\u00f4me Dreyfuss - Elb\u00e9 Editions\",\"isPartOf\":{\"@id\":\"https:\/\/www.elbe-editions.com\/en\/#website\"},\"primaryImageOfPage\":{\"@id\":\"https:\/\/www.elbe-editions.com\/en\/oeuvre\/defile-jerome-dreyfuss\/#primaryimage\"},\"image\":{\"@id\":\"https:\/\/www.elbe-editions.com\/en\/oeuvre\/defile-jerome-dreyfuss\/#primaryimage\"},\"thumbnailUrl\":\"https:\/\/www.elbe-editions.com\/wp-content\/uploads\/2025\/07\/Alice-Aladjem-Photo4-Shop.webp\",\"datePublished\":\"2025-07-28T13:02:14+00:00\",\"dateModified\":\"2025-09-16T15:38:21+00:00\",\"breadcrumb\":{\"@id\":\"https:\/\/www.elbe-editions.com\/en\/oeuvre\/defile-jerome-dreyfuss\/#breadcrumb\"},\"inLanguage\":\"en-US\",\"potentialAction\":[{\"@type\":\"ReadAction\",\"target\":[\"https:\/\/www.elbe-editions.com\/en\/oeuvre\/defile-jerome-dreyfuss\/\"]}]},{\"@type\":\"ImageObject\",\"inLanguage\":\"en-US\",\"@id\":\"https:\/\/www.elbe-editions.com\/en\/oeuvre\/defile-jerome-dreyfuss\/#primaryimage\",\"url\":\"https:\/\/www.elbe-editions.com\/wp-content\/uploads\/2025\/07\/Alice-Aladjem-Photo4-Shop.webp\",\"contentUrl\":\"https:\/\/www.elbe-editions.com\/wp-content\/uploads\/2025\/07\/Alice-Aladjem-Photo4-Shop.webp\",\"width\":600,\"height\":840},{\"@type\":\"BreadcrumbList\",\"@id\":\"https:\/\/www.elbe-editions.com\/en\/oeuvre\/defile-jerome-dreyfuss\/#breadcrumb\",\"itemListElement\":[{\"@type\":\"ListItem\",\"position\":1,\"name\":\"Accueil\",\"item\":\"https:\/\/www.elbe-editions.com\/en\/\"},{\"@type\":\"ListItem\",\"position\":2,\"name\":\"Shop\",\"item\":\"https:\/\/www.elbe-editions.com\/shop\/\"},{\"@type\":\"ListItem\",\"position\":3,\"name\":\"D\u00e9fil\u00e9 J\u00e9r\u00f4me Dreyfuss\"}]},{\"@type\":\"WebSite\",\"@id\":\"https:\/\/www.elbe-editions.com\/en\/#website\",\"url\":\"https:\/\/www.elbe-editions.com\/en\/\",\"name\":\"Elb\u00e9 \u00c9ditions\",\"description\":\"Creative Exclusivity\",\"publisher\":{\"@id\":\"https:\/\/www.elbe-editions.com\/en\/#organization\"},\"potentialAction\":[{\"@type\":\"SearchAction\",\"target\":{\"@type\":\"EntryPoint\",\"urlTemplate\":\"https:\/\/www.elbe-editions.com\/en\/?s={search_term_string}\"},\"query-input\":{\"@type\":\"PropertyValueSpecification\",\"valueRequired\":true,\"valueName\":\"search_term_string\"}}],\"inLanguage\":\"en-US\"},{\"@type\":\"Organization\",\"@id\":\"https:\/\/www.elbe-editions.com\/en\/#organization\",\"name\":\"Elb\u00e9 \u00c9ditions\",\"url\":\"https:\/\/www.elbe-editions.com\/en\/\",\"logo\":{\"@type\":\"ImageObject\",\"inLanguage\":\"en-US\",\"@id\":\"https:\/\/www.elbe-editions.com\/en\/#\/schema\/logo\/image\/\",\"url\":\"https:\/\/www.elbe-editions.com\/wp-content\/uploads\/2025\/07\/logo-full-elbe-editions.svg\",\"contentUrl\":\"https:\/\/www.elbe-editions.com\/wp-content\/uploads\/2025\/07\/logo-full-elbe-editions.svg\",\"width\":190,\"height\":62,\"caption\":\"Elb\u00e9 \u00c9ditions\"},\"image\":{\"@id\":\"https:\/\/www.elbe-editions.com\/en\/#\/schema\/logo\/image\/\"}}]}<\/script>\n<!-- \/ Yoast SEO plugin. -->","yoast_head_json":{"title":"D\u00e9fil\u00e9 J\u00e9r\u00f4me Dreyfuss - Elb\u00e9 Editions","robots":{"index":"index","follow":"follow","max-snippet":"max-snippet:-1","max-image-preview":"max-image-preview:large","max-video-preview":"max-video-preview:-1"},"canonical":"https:\/\/www.elbe-editions.com\/en\/oeuvre\/defile-jerome-dreyfuss\/","og_locale":"en_US","og_type":"article","og_title":"D\u00e9fil\u00e9 J\u00e9r\u00f4me Dreyfuss - Elb\u00e9 Editions","og_description":"The idea for \u00ab Do Not Disturb \u00bb came from the little signs that we put on hotel room doors, so as not to be disturbed. The poster images feature an intriguing fusion of human and abstract forms. The figure\u2019s slightly swaying or moving postures add a touch of elegance and mystery, inviting the viewer to contemplate the balance between reality and abstraction. As a whole, the works stand out for their ability to evoke a rich visual narrative, while leaving room for personal interpretation. Bold choices of color and composition make for pieces that are both captivating and intriguing, capturing the imagination and stimulating thought.","og_url":"https:\/\/www.elbe-editions.com\/en\/oeuvre\/defile-jerome-dreyfuss\/","og_site_name":"Elb\u00e9 Editions","article_modified_time":"2025-09-16T15:38:21+00:00","og_image":[{"width":600,"height":840,"url":"https:\/\/www.elbe-editions.com\/wp-content\/uploads\/2025\/07\/Alice-Aladjem-Photo4-Shop.webp","type":"image\/webp"}],"twitter_card":"summary_large_image","schema":{"@context":"https:\/\/schema.org","@graph":[{"@type":"WebPage","@id":"https:\/\/www.elbe-editions.com\/en\/oeuvre\/defile-jerome-dreyfuss\/","url":"https:\/\/www.elbe-editions.com\/en\/oeuvre\/defile-jerome-dreyfuss\/","name":"D\u00e9fil\u00e9 J\u00e9r\u00f4me Dreyfuss - Elb\u00e9 Editions","isPartOf":{"@id":"https:\/\/www.elbe-editions.com\/en\/#website"},"primaryImageOfPage":{"@id":"https:\/\/www.elbe-editions.com\/en\/oeuvre\/defile-jerome-dreyfuss\/#primaryimage"},"image":{"@id":"https:\/\/www.elbe-editions.com\/en\/oeuvre\/defile-jerome-dreyfuss\/#primaryimage"},"thumbnailUrl":"https:\/\/www.elbe-editions.com\/wp-content\/uploads\/2025\/07\/Alice-Aladjem-Photo4-Shop.webp","datePublished":"2025-07-28T13:02:14+00:00","dateModified":"2025-09-16T15:38:21+00:00","breadcrumb":{"@id":"https:\/\/www.elbe-editions.com\/en\/oeuvre\/defile-jerome-dreyfuss\/#breadcrumb"},"inLanguage":"en-US","potentialAction":[{"@type":"ReadAction","target":["https:\/\/www.elbe-editions.com\/en\/oeuvre\/defile-jerome-dreyfuss\/"]}]},{"@type":"ImageObject","inLanguage":"en-US","@id":"https:\/\/www.elbe-editions.com\/en\/oeuvre\/defile-jerome-dreyfuss\/#primaryimage","url":"https:\/\/www.elbe-editions.com\/wp-content\/uploads\/2025\/07\/Alice-Aladjem-Photo4-Shop.webp","contentUrl":"https:\/\/www.elbe-editions.com\/wp-content\/uploads\/2025\/07\/Alice-Aladjem-Photo4-Shop.webp","width":600,"height":840},{"@type":"BreadcrumbList","@id":"https:\/\/www.elbe-editions.com\/en\/oeuvre\/defile-jerome-dreyfuss\/#breadcrumb","itemListElement":[{"@type":"ListItem","position":1,"name":"Accueil","item":"https:\/\/www.elbe-editions.com\/en\/"},{"@type":"ListItem","position":2,"name":"Shop","item":"https:\/\/www.elbe-editions.com\/shop\/"},{"@type":"ListItem","position":3,"name":"D\u00e9fil\u00e9 J\u00e9r\u00f4me Dreyfuss"}]},{"@type":"WebSite","@id":"https:\/\/www.elbe-editions.com\/en\/#website","url":"https:\/\/www.elbe-editions.com\/en\/","name":"Elb\u00e9 \u00c9ditions","description":"Creative Exclusivity","publisher":{"@id":"https:\/\/www.elbe-editions.com\/en\/#organization"},"potentialAction":[{"@type":"SearchAction","target":{"@type":"EntryPoint","urlTemplate":"https:\/\/www.elbe-editions.com\/en\/?s={search_term_string}"},"query-input":{"@type":"PropertyValueSpecification","valueRequired":true,"valueName":"search_term_string"}}],"inLanguage":"en-US"},{"@type":"Organization","@id":"https:\/\/www.elbe-editions.com\/en\/#organization","name":"Elb\u00e9 \u00c9ditions","url":"https:\/\/www.elbe-editions.com\/en\/","logo":{"@type":"ImageObject","inLanguage":"en-US","@id":"https:\/\/www.elbe-editions.com\/en\/#\/schema\/logo\/image\/","url":"https:\/\/www.elbe-editions.com\/wp-content\/uploads\/2025\/07\/logo-full-elbe-editions.svg","contentUrl":"https:\/\/www.elbe-editions.com\/wp-content\/uploads\/2025\/07\/logo-full-elbe-editions.svg","width":190,"height":62,"caption":"Elb\u00e9 \u00c9ditions"},"image":{"@id":"https:\/\/www.elbe-editions.com\/en\/#\/schema\/logo\/image\/"}}]}},"uagb_featured_image_src":{"full":["https:\/\/www.elbe-editions.com\/wp-content\/uploads\/2025\/07\/Alice-Aladjem-Photo4-Shop.webp",600,840,false],"thumbnail":["https:\/\/www.elbe-editions.com\/wp-content\/uploads\/2025\/07\/Alice-Aladjem-Photo4-Shop-150x150.webp",150,150,true],"medium":["https:\/\/www.elbe-editions.com\/wp-content\/uploads\/2025\/07\/Alice-Aladjem-Photo4-Shop-214x300.webp",214,300,true],"medium_large":["https:\/\/www.elbe-editions.com\/wp-content\/uploads\/2025\/07\/Alice-Aladjem-Photo4-Shop.webp",600,840,false],"large":["https:\/\/www.elbe-editions.com\/wp-content\/uploads\/2025\/07\/Alice-Aladjem-Photo4-Shop.webp",600,840,false],"1536x1536":["https:\/\/www.elbe-editions.com\/wp-content\/uploads\/2025\/07\/Alice-Aladjem-Photo4-Shop.webp",600,840,false],"2048x2048":["https:\/\/www.elbe-editions.com\/wp-content\/uploads\/2025\/07\/Alice-Aladjem-Photo4-Shop.webp",600,840,false],"woocommerce_thumbnail":["https:\/\/www.elbe-editions.com\/wp-content\/uploads\/2025\/07\/Alice-Aladjem-Photo4-Shop-214x300.webp",214,300,true],"woocommerce_single":["https:\/\/www.elbe-editions.com\/wp-content\/uploads\/2025\/07\/Alice-Aladjem-Photo4-Shop.webp",600,840,false],"woocommerce_gallery_thumbnail":["https:\/\/www.elbe-editions.com\/wp-content\/uploads\/2025\/07\/Alice-Aladjem-Photo4-Shop-100x100.webp",100,100,true],"awb_sm":["https:\/\/www.elbe-editions.com\/wp-content\/uploads\/2025\/07\/Alice-Aladjem-Photo4-Shop-500x700.webp",500,700,true],"awb_md":["https:\/\/www.elbe-editions.com\/wp-content\/uploads\/2025\/07\/Alice-Aladjem-Photo4-Shop.webp",600,840,false],"awb_lg":["https:\/\/www.elbe-editions.com\/wp-content\/uploads\/2025\/07\/Alice-Aladjem-Photo4-Shop.webp",600,840,false],"awb_xl":["https:\/\/www.elbe-editions.com\/wp-content\/uploads\/2025\/07\/Alice-Aladjem-Photo4-Shop.webp",600,840,false]},"uagb_author_info":{"display_name":"admin_rjs","author_link":"https:\/\/www.elbe-editions.com\/en\/author\/"},"uagb_comment_info":0,"uagb_excerpt":"The idea for \u00ab Do Not Disturb \u00bb came from the little signs that we put on hotel room doors, so as not to be disturbed. The poster images feature an intriguing fusion of human and abstract forms. The figure\u2019s slightly swaying or moving postures add a touch of elegance and mystery, inviting the viewer&hellip;","_links":{"self":[{"href":"https:\/\/www.elbe-editions.com\/en\/wp-json\/wp\/v2\/product\/2954","targetHints":{"allow":["GET"]}}],"collection":[{"href":"https:\/\/www.elbe-editions.com\/en\/wp-json\/wp\/v2\/product"}],"about":[{"href":"https:\/\/www.elbe-editions.com\/en\/wp-json\/wp\/v2\/types\/product"}],"replies":[{"embeddable":true,"href":"https:\/\/www.elbe-editions.com\/en\/wp-json\/wp\/v2\/comments?post=2954"}],"wp:featuredmedia":[{"embeddable":true,"href":"https:\/\/www.elbe-editions.com\/en\/wp-json\/wp\/v2\/media\/2946"}],"wp:attachment":[{"href":"https:\/\/www.elbe-editions.com\/en\/wp-json\/wp\/v2\/media?parent=2954"}],"wp:term":[{"taxonomy":"product_brand","embeddable":true,"href":"https:\/\/www.elbe-editions.com\/en\/wp-json\/wp\/v2\/product_brand?post=2954"},{"taxonomy":"product_cat","embeddable":true,"href":"https:\/\/www.elbe-editions.com\/en\/wp-json\/wp\/v2\/product_cat?post=2954"},{"taxonomy":"product_tag","embeddable":true,"href":"https:\/\/www.elbe-editions.com\/en\/wp-json\/wp\/v2\/product_tag?post=2954"}],"curies":[{"name":"wp","href":"https:\/\/api.w.org\/{rel}","templated":true}]}}