{"id":3118,"date":"2025-07-03T16:55:07","date_gmt":"2025-07-03T14:55:07","guid":{"rendered":"https:\/\/elbe-opti.porte7.com\/terms-and-conditions\/"},"modified":"2025-09-11T15:14:51","modified_gmt":"2025-09-11T13:14:51","slug":"terms-and-conditions","status":"publish","type":"page","link":"https:\/\/www.elbe-editions.com\/en\/terms-and-conditions\/","title":{"rendered":"General Terms and Conditions of Sale"},"content":{"rendered":"<h2 style=\"font-style:normal;font-weight:600; padding-top:var(--wp--preset--spacing--50);\" class=\"wp-block-post-title has-large-font-size\">General Terms and Conditions of Sale<\/h2>\n<p class=\"has-small-font-size\">This website is the exclusive property of \u00ab Elb\u00e9 Editions \u00bb, including all associated rights. Any reproduction, partial or complete, requires prior authorization from the owner. However, no specific permission is needed to create hyperlinks to the website.  <\/p>\n\n<p class=\"has-small-font-size\">It is important to note that Elb\u00e9 Editions may modify or remove sections of the website at any time without incurring liability towards customers for these changes. Elb\u00e9 Editions also reserves the right to amend these terms and conditions in the future, without the obligation to inform customers directly. Placing an order after such changes will constitute acceptance of them.  <\/p>\n\n<p class=\"has-small-font-size\">The contract between the customer and Elb\u00e9 Editions will be formed once the order is processed and shipped. By placing an order on the site, the customer guarantees: : \u2013 that they are of legal age and legally capable of entering into a contract. \u2013 that the information provided during registration is correct and complete. \u2013 that they are not using a fictitious name or someone else\u2019s name, whether individual or corporate, without prior authorization.   <\/p>\n\n<ol class=\"wp-block-list\">\n<li class=\"has-medium-font-size\" style=\"font-style:normal;font-weight:600\">Acceptance of Terms<\/li>\n<\/ol>\n\n<p class=\"has-small-font-size\">The customer acknowledges having read these general terms and conditions of sale at the time of placing the order and expressly declares acceptance without reservation. Therefore, the customer acknowledges having read the terms and conditions before proceeding with the order. These general terms and conditions of sale govern the contractual relationship between \u00ab Elb\u00e9 Editions \u00bb and its customer, with both parties accepting them without reservation. These general terms and conditions will prevail over all other conditions contained in any other document, except in the case of prior, express, and written agreement.   <\/p>\n\n<ol start=\"2\" class=\"wp-block-list\">\n<li class=\"has-medium-font-size\" style=\"font-style:normal;font-weight:600\">Produits<\/li>\n<\/ol>\n\n<p class=\"has-small-font-size\">The illustrations of the products presented are not contractual. In the event of errors or defects, \u00ab Elb\u00e9 Editions \u00bb cannot be held liable. <\/p>\n\n<ol start=\"3\" class=\"wp-block-list\">\n<li class=\"has-medium-font-size\" style=\"font-style:normal;font-weight:600\">Orders<\/li>\n<\/ol>\n\n<p class=\"has-small-font-size\">The customer\u2019s validation of the order constitutes proof of acceptance of these general terms and conditions of sale. \u00ab Elb\u00e9 Editions \u00bb confirms receipt of the order at the email address provided by the customer. The sale is considered concluded only after confirmation of the order. \u00ab Elb\u00e9 Editions \u00bb reserves the right to cancel any order placed by a customer with an existing payment dispute on a previous order. The information provided by the buyer during the order serves as the basis for processing: any error in the delivery details releases \u00ab Elb\u00e9 Editions \u00bb from any liability in the event of delivery to an incorrect address.    <\/p>\n\n<ol start=\"4\" class=\"wp-block-list\">\n<li class=\"has-medium-font-size\" style=\"font-style:normal;font-weight:600\">Delivery<\/li>\n<\/ol>\n\n<p class=\"has-small-font-size\">Deliveries are made to the address specified during the order as the \u201cdelivery address\u201d (which may differ from the billing address) and are expected within a maximum of ten (10) working days for deliveries in Paris or the Paris region. For deliveries within metropolitan France or internationally, the timeframe is that indicated on the delivery method validation page. Delivery fees are also specified on this page.  <\/p>\n\n<p class=\"has-small-font-size\">Delivery times are provided as an estimate. If delivery has not occurred within thirty days from the order date, the sales contract may be canceled, and the buyer reimbursed. \u00ab Elb\u00e9 Editions \u00bb can provide the package tracking number by email upon simple request at <a href=\"mailto:contact@elbe-editions.com\">contact@elbe-editions.com<\/a>. The goods are shipped at the recipient\u2019s risk. In the event of apparent defects, the buyer has the right to return the products under the established conditions.    <\/p>\n\n<p class=\"has-small-font-size\">To ensure these deadlines are met, the Customer must provide accurate and complete information regarding the delivery address (including: street number, building, staircase, access codes, names and\/or intercom numbers, etc.). In the event of an order for a temporarily out-of-stock product, the deadlines will be extended depending on the restocking time communicated. <\/p>\n\n<p class=\"has-small-font-size\" style=\"padding-bottom:var(--wp--preset--spacing--50)\">In the case of non-delivery within the specified timeframe, and as long as delivery has not taken place, the User may cancel the order by sending a registered letter with acknowledgment of receipt or by other written means addressed to Elb\u00e9 Editions. The contract will be considered terminated upon receipt by Elb\u00e9 Editions of this notice of termination. Elb\u00e9 Editions cannot be held responsible for a delay in delivery caused solely by the unavailability of the customer after several appointment proposals.  <\/p>\n","protected":false},"excerpt":{"rendered":"<p>This website is the exclusive property of \u00ab Elb\u00e9 Editions \u00bb, including all associated rights. Any reproduction, partial or complete, requires prior authorization from the owner. However, no specific permission is needed to create hyperlinks to the website. It is important to note that Elb\u00e9 Editions may modify or remove sections of the website at [&hellip;]<\/p>\n","protected":false},"author":1,"featured_media":0,"parent":0,"menu_order":0,"comment_status":"closed","ping_status":"closed","template":"","meta":{"_acf_changed":false,"_uag_custom_page_level_css":"","footnotes":""},"class_list":["post-3118","page","type-page","status-publish","hentry"],"acf":[],"yoast_head":"<!-- This site is optimized with the Yoast SEO plugin v27.4 - https:\/\/yoast.com\/product\/yoast-seo-wordpress\/ -->\n<title>General Terms and Conditions of Sale - Elb\u00e9 Editions<\/title>\n<meta name=\"robots\" content=\"index, follow, max-snippet:-1, max-image-preview:large, max-video-preview:-1\" \/>\n<link rel=\"canonical\" href=\"https:\/\/www.elbe-editions.com\/en\/terms-and-conditions\/\" \/>\n<meta property=\"og:locale\" content=\"en_US\" \/>\n<meta property=\"og:type\" content=\"article\" \/>\n<meta property=\"og:title\" content=\"General Terms and Conditions of Sale - Elb\u00e9 Editions\" \/>\n<meta property=\"og:description\" content=\"This website is the exclusive property of \u00ab Elb\u00e9 Editions \u00bb, including all associated rights. Any reproduction, partial or complete, requires prior authorization from the owner. However, no specific permission is needed to create hyperlinks to the website. It is important to note that Elb\u00e9 Editions may modify or remove sections of the website at [&hellip;]\" \/>\n<meta property=\"og:url\" content=\"https:\/\/www.elbe-editions.com\/en\/terms-and-conditions\/\" \/>\n<meta property=\"og:site_name\" content=\"Elb\u00e9 Editions\" \/>\n<meta property=\"article:modified_time\" content=\"2025-09-11T13:14:51+00:00\" \/>\n<meta name=\"twitter:card\" content=\"summary_large_image\" \/>\n<meta name=\"twitter:label1\" content=\"Est. reading time\" \/>\n\t<meta name=\"twitter:data1\" content=\"3 minutes\" \/>\n<script type=\"application\/ld+json\" class=\"yoast-schema-graph\">{\"@context\":\"https:\\\/\\\/schema.org\",\"@graph\":[{\"@type\":\"WebPage\",\"@id\":\"https:\\\/\\\/www.elbe-editions.com\\\/en\\\/terms-and-conditions\\\/\",\"url\":\"https:\\\/\\\/www.elbe-editions.com\\\/en\\\/terms-and-conditions\\\/\",\"name\":\"General Terms and Conditions of Sale - Elb\u00e9 Editions\",\"isPartOf\":{\"@id\":\"https:\\\/\\\/www.elbe-editions.com\\\/en\\\/#website\"},\"datePublished\":\"2025-07-03T14:55:07+00:00\",\"dateModified\":\"2025-09-11T13:14:51+00:00\",\"breadcrumb\":{\"@id\":\"https:\\\/\\\/www.elbe-editions.com\\\/en\\\/terms-and-conditions\\\/#breadcrumb\"},\"inLanguage\":\"en-US\",\"potentialAction\":[{\"@type\":\"ReadAction\",\"target\":[\"https:\\\/\\\/www.elbe-editions.com\\\/en\\\/terms-and-conditions\\\/\"]}]},{\"@type\":\"BreadcrumbList\",\"@id\":\"https:\\\/\\\/www.elbe-editions.com\\\/en\\\/terms-and-conditions\\\/#breadcrumb\",\"itemListElement\":[{\"@type\":\"ListItem\",\"position\":1,\"name\":\"Accueil\",\"item\":\"https:\\\/\\\/www.elbe-editions.com\\\/en\\\/\"},{\"@type\":\"ListItem\",\"position\":2,\"name\":\"General Terms and Conditions of Sale\"}]},{\"@type\":\"WebSite\",\"@id\":\"https:\\\/\\\/www.elbe-editions.com\\\/en\\\/#website\",\"url\":\"https:\\\/\\\/www.elbe-editions.com\\\/en\\\/\",\"name\":\"Elb\u00e9 \u00c9ditions\",\"description\":\"Creative Exclusivity\",\"publisher\":{\"@id\":\"https:\\\/\\\/www.elbe-editions.com\\\/en\\\/#organization\"},\"potentialAction\":[{\"@type\":\"SearchAction\",\"target\":{\"@type\":\"EntryPoint\",\"urlTemplate\":\"https:\\\/\\\/www.elbe-editions.com\\\/en\\\/?s={search_term_string}\"},\"query-input\":{\"@type\":\"PropertyValueSpecification\",\"valueRequired\":true,\"valueName\":\"search_term_string\"}}],\"inLanguage\":\"en-US\"},{\"@type\":\"Organization\",\"@id\":\"https:\\\/\\\/www.elbe-editions.com\\\/en\\\/#organization\",\"name\":\"Elb\u00e9 \u00c9ditions\",\"url\":\"https:\\\/\\\/www.elbe-editions.com\\\/en\\\/\",\"logo\":{\"@type\":\"ImageObject\",\"inLanguage\":\"en-US\",\"@id\":\"https:\\\/\\\/www.elbe-editions.com\\\/en\\\/#\\\/schema\\\/logo\\\/image\\\/\",\"url\":\"https:\\\/\\\/www.elbe-editions.com\\\/wp-content\\\/uploads\\\/2025\\\/07\\\/logo-full-elbe-editions.svg\",\"contentUrl\":\"https:\\\/\\\/www.elbe-editions.com\\\/wp-content\\\/uploads\\\/2025\\\/07\\\/logo-full-elbe-editions.svg\",\"width\":190,\"height\":62,\"caption\":\"Elb\u00e9 \u00c9ditions\"},\"image\":{\"@id\":\"https:\\\/\\\/www.elbe-editions.com\\\/en\\\/#\\\/schema\\\/logo\\\/image\\\/\"}}]}<\/script>\n<!-- \/ Yoast SEO plugin. -->","yoast_head_json":{"title":"General Terms and Conditions of Sale - Elb\u00e9 Editions","robots":{"index":"index","follow":"follow","max-snippet":"max-snippet:-1","max-image-preview":"max-image-preview:large","max-video-preview":"max-video-preview:-1"},"canonical":"https:\/\/www.elbe-editions.com\/en\/terms-and-conditions\/","og_locale":"en_US","og_type":"article","og_title":"General Terms and Conditions of Sale - Elb\u00e9 Editions","og_description":"This website is the exclusive property of \u00ab Elb\u00e9 Editions \u00bb, including all associated rights. Any reproduction, partial or complete, requires prior authorization from the owner. However, no specific permission is needed to create hyperlinks to the website. It is important to note that Elb\u00e9 Editions may modify or remove sections of the website at [&hellip;]","og_url":"https:\/\/www.elbe-editions.com\/en\/terms-and-conditions\/","og_site_name":"Elb\u00e9 Editions","article_modified_time":"2025-09-11T13:14:51+00:00","twitter_card":"summary_large_image","twitter_misc":{"Est. reading time":"3 minutes"},"schema":{"@context":"https:\/\/schema.org","@graph":[{"@type":"WebPage","@id":"https:\/\/www.elbe-editions.com\/en\/terms-and-conditions\/","url":"https:\/\/www.elbe-editions.com\/en\/terms-and-conditions\/","name":"General Terms and Conditions of Sale - Elb\u00e9 Editions","isPartOf":{"@id":"https:\/\/www.elbe-editions.com\/en\/#website"},"datePublished":"2025-07-03T14:55:07+00:00","dateModified":"2025-09-11T13:14:51+00:00","breadcrumb":{"@id":"https:\/\/www.elbe-editions.com\/en\/terms-and-conditions\/#breadcrumb"},"inLanguage":"en-US","potentialAction":[{"@type":"ReadAction","target":["https:\/\/www.elbe-editions.com\/en\/terms-and-conditions\/"]}]},{"@type":"BreadcrumbList","@id":"https:\/\/www.elbe-editions.com\/en\/terms-and-conditions\/#breadcrumb","itemListElement":[{"@type":"ListItem","position":1,"name":"Accueil","item":"https:\/\/www.elbe-editions.com\/en\/"},{"@type":"ListItem","position":2,"name":"General Terms and Conditions of Sale"}]},{"@type":"WebSite","@id":"https:\/\/www.elbe-editions.com\/en\/#website","url":"https:\/\/www.elbe-editions.com\/en\/","name":"Elb\u00e9 \u00c9ditions","description":"Creative Exclusivity","publisher":{"@id":"https:\/\/www.elbe-editions.com\/en\/#organization"},"potentialAction":[{"@type":"SearchAction","target":{"@type":"EntryPoint","urlTemplate":"https:\/\/www.elbe-editions.com\/en\/?s={search_term_string}"},"query-input":{"@type":"PropertyValueSpecification","valueRequired":true,"valueName":"search_term_string"}}],"inLanguage":"en-US"},{"@type":"Organization","@id":"https:\/\/www.elbe-editions.com\/en\/#organization","name":"Elb\u00e9 \u00c9ditions","url":"https:\/\/www.elbe-editions.com\/en\/","logo":{"@type":"ImageObject","inLanguage":"en-US","@id":"https:\/\/www.elbe-editions.com\/en\/#\/schema\/logo\/image\/","url":"https:\/\/www.elbe-editions.com\/wp-content\/uploads\/2025\/07\/logo-full-elbe-editions.svg","contentUrl":"https:\/\/www.elbe-editions.com\/wp-content\/uploads\/2025\/07\/logo-full-elbe-editions.svg","width":190,"height":62,"caption":"Elb\u00e9 \u00c9ditions"},"image":{"@id":"https:\/\/www.elbe-editions.com\/en\/#\/schema\/logo\/image\/"}}]}},"uagb_featured_image_src":{"full":false,"thumbnail":false,"medium":false,"medium_large":false,"large":false,"1536x1536":false,"2048x2048":false,"woocommerce_thumbnail":false,"woocommerce_single":false,"woocommerce_gallery_thumbnail":false,"awb_sm":false,"awb_md":false,"awb_lg":false,"awb_xl":false},"uagb_author_info":{"display_name":"admin_rjs","author_link":"https:\/\/www.elbe-editions.com\/en\/author\/admin_rjs\/"},"uagb_comment_info":0,"uagb_excerpt":"This website is the exclusive property of \u00ab Elb\u00e9 Editions \u00bb, including all associated rights. Any reproduction, partial or complete, requires prior authorization from the owner. However, no specific permission is needed to create hyperlinks to the website. It is important to note that Elb\u00e9 Editions may modify or remove sections of the website at&hellip;","_links":{"self":[{"href":"https:\/\/www.elbe-editions.com\/en\/wp-json\/wp\/v2\/pages\/3118","targetHints":{"allow":["GET"]}}],"collection":[{"href":"https:\/\/www.elbe-editions.com\/en\/wp-json\/wp\/v2\/pages"}],"about":[{"href":"https:\/\/www.elbe-editions.com\/en\/wp-json\/wp\/v2\/types\/page"}],"author":[{"embeddable":true,"href":"https:\/\/www.elbe-editions.com\/en\/wp-json\/wp\/v2\/users\/1"}],"replies":[{"embeddable":true,"href":"https:\/\/www.elbe-editions.com\/en\/wp-json\/wp\/v2\/comments?post=3118"}],"version-history":[{"count":2,"href":"https:\/\/www.elbe-editions.com\/en\/wp-json\/wp\/v2\/pages\/3118\/revisions"}],"predecessor-version":[{"id":3258,"href":"https:\/\/www.elbe-editions.com\/en\/wp-json\/wp\/v2\/pages\/3118\/revisions\/3258"}],"wp:attachment":[{"href":"https:\/\/www.elbe-editions.com\/en\/wp-json\/wp\/v2\/media?parent=3118"}],"curies":[{"name":"wp","href":"https:\/\/api.w.org\/{rel}","templated":true}]}}