{"id":2575,"date":"2025-07-03T14:11:13","date_gmt":"2025-07-03T12:11:13","guid":{"rendered":"https:\/\/elbe-opti.porte7.com\/cart\/"},"modified":"2025-09-11T12:03:25","modified_gmt":"2025-09-11T10:03:25","slug":"cart","status":"publish","type":"page","link":"https:\/\/www.elbe-editions.com\/en\/cart\/","title":{"rendered":"Cart"},"content":{"rendered":"<h1 style=\"font-style:normal;font-weight:500;text-transform:uppercase; padding-top:0;padding-bottom:0;padding-left:0;padding-right:0;margin-top:0;margin-bottom:0;margin-left:0;margin-right:0;\" class=\"alignwide wp-block-post-title has-medium-font-size\">Cart<\/h1>\n<div data-block-name=\"woocommerce\/cart\" class=\"wp-block-woocommerce-cart alignwide is-loading\">\n<div data-block-name=\"woocommerce\/filled-cart-block\" class=\"wp-block-woocommerce-filled-cart-block\">\n<div data-block-name=\"woocommerce\/cart-items-block\" class=\"wp-block-woocommerce-cart-items-block\">\n<div data-block-name=\"woocommerce\/cart-line-items-block\" class=\"wp-block-woocommerce-cart-line-items-block\"><\/div>\n\n\n\n<div data-block-name=\"woocommerce\/cart-cross-sells-block\" class=\"wp-block-woocommerce-cart-cross-sells-block\">\n<h2 class=\"wp-block-heading has-large-font-size\">This may interest you&#8230;<\/h2>\n\n\n\n<div data-block-name=\"woocommerce\/cart-cross-sells-products-block\" class=\"wp-block-woocommerce-cart-cross-sells-products-block\"><\/div>\n<\/div>\n<\/div>\n\n\n\n<div data-block-name=\"woocommerce\/cart-totals-block\" class=\"wp-block-woocommerce-cart-totals-block\">\n<div data-block-name=\"woocommerce\/cart-order-summary-block\" class=\"wp-block-woocommerce-cart-order-summary-block\">\n<div data-block-name=\"woocommerce\/cart-order-summary-heading-block\" data-content=\"Cart totals\" class=\"wp-block-woocommerce-cart-order-summary-heading-block\"><\/div>\n\n\n\n<div data-block-name=\"woocommerce\/cart-order-summary-coupon-form-block\" class=\"wp-block-woocommerce-cart-order-summary-coupon-form-block\"><\/div>\n\n\n\n<div data-block-name=\"woocommerce\/cart-order-summary-totals-block\" class=\"wp-block-woocommerce-cart-order-summary-totals-block\">\n<div data-block-name=\"woocommerce\/cart-order-summary-subtotal-block\" class=\"wp-block-woocommerce-cart-order-summary-subtotal-block\"><\/div>\n\n\n\n<div data-block-name=\"woocommerce\/cart-order-summary-fee-block\" class=\"wp-block-woocommerce-cart-order-summary-fee-block\"><\/div>\n\n\n\n<div data-block-name=\"woocommerce\/cart-order-summary-discount-block\" class=\"wp-block-woocommerce-cart-order-summary-discount-block\"><\/div>\n\n\n\n<div data-block-name=\"woocommerce\/cart-order-summary-shipping-block\" class=\"wp-block-woocommerce-cart-order-summary-shipping-block\"><\/div>\n\n\n\n<div data-block-name=\"woocommerce\/cart-order-summary-taxes-block\" class=\"wp-block-woocommerce-cart-order-summary-taxes-block\"><\/div>\n<\/div>\n<\/div>\n\n\n\n<div data-block-name=\"woocommerce\/cart-express-payment-block\" class=\"wp-block-woocommerce-cart-express-payment-block\"><\/div>\n\n\n\n<div data-block-name=\"woocommerce\/proceed-to-checkout-block\" class=\"wp-block-woocommerce-proceed-to-checkout-block\"><\/div>\n\n\n\n<div data-block-name=\"woocommerce\/cart-accepted-payment-methods-block\" class=\"wp-block-woocommerce-cart-accepted-payment-methods-block\"><\/div>\n\n\n\n<p class=\"has-text-align-center cart-continue has-border-color has-custom-black-border-color has-small-font-size\" style=\"border-width:1px;padding-top:0;padding-right:0;padding-bottom:0;padding-left:0;text-transform:uppercase\"><a href=\"https:\/\/www.elbe-editions.com\/en\/shop\/\" data-type=\"page\" data-id=\"8\">Continue shopping<\/a><\/p>\n<\/div>\n<\/div>\n\n\n\n<div data-block-name=\"woocommerce\/empty-cart-block\" class=\"wp-block-woocommerce-empty-cart-block\">\n<h2 class=\"wp-block-heading has-text-align-center with-empty-cart-icon wc-block-cart__empty-cart__title\">Your cart is currently empty.<\/h2>\n\n\n\n<div class=\"wp-block-buttons is-content-justification-center is-layout-flex wp-container-core-buttons-is-layout-a89b3969 wp-block-buttons-is-layout-flex\">\n<div class=\"wp-block-button btn-hover-icon\"><a class=\"wp-block-button__link wp-element-button\" href=\"https:\/\/www.elbe-editions.com\/en\/shop\/\" style=\"border-radius:0px\">See Shop<\/a><\/div>\n<\/div>\n\n\n\n<hr class=\"wp-block-separator has-alpha-channel-opacity is-style-wide is-style-wide--1\" style=\"margin-top:var(--wp--preset--spacing--40);margin-bottom:var(--wp--preset--spacing--40)\"\/>\n\n\n\n<h2 class=\"wp-block-heading has-text-align-left has-medium-font-size\" style=\"text-transform:uppercase\">New in shop<\/h2>\n\n\n<div data-block-name=\"woocommerce\/product-new\" data-columns=\"4\" data-rows=\"1\" data-stock-status=\"[&quot;&quot;,&quot;instock&quot;,&quot;outofstock&quot;,&quot;onbackorder&quot;]\" class=\"wc-block-grid wp-block-product-new wp-block-woocommerce-product-new wc-block-product-new has-4-columns\"><ul class=\"wc-block-grid__products\"><li class=\"wc-block-grid__product\">\n\t\t\t\t<a href=\"https:\/\/www.elbe-editions.com\/en\/oeuvre\/yesterday\/\" class=\"wc-block-grid__product-link\">\n\t\t\t\t\t\n\t\t\t\t\t<div class=\"wc-block-grid__product-image\"><img loading=\"lazy\" decoding=\"async\" width=\"217\" height=\"300\" src=\"https:\/\/www.elbe-editions.com\/wp-content\/uploads\/2025\/07\/Samuel-Prudden-Yesterday-Shop-217x300.webp\" class=\"attachment-woocommerce_thumbnail size-woocommerce_thumbnail\" alt=\"Yesterday\" srcset=\"https:\/\/www.elbe-editions.com\/wp-content\/uploads\/2025\/07\/Samuel-Prudden-Yesterday-Shop-217x300.webp 217w, https:\/\/www.elbe-editions.com\/wp-content\/uploads\/2025\/07\/Samuel-Prudden-Yesterday-Shop-500x692.webp 500w, https:\/\/www.elbe-editions.com\/wp-content\/uploads\/2025\/07\/Samuel-Prudden-Yesterday-Shop.webp 600w\" sizes=\"auto, (max-width: 217px) 100vw, 217px\" \/><\/div>\n\t\t\t\t\t<div class=\"wc-block-grid__product-title\">Yesterday<\/div>\n\t\t\t\t<\/a>\n\t\t\t\t<div class=\"wc-block-grid__product-price price\"><span class=\"woocommerce-Price-amount amount\" aria-hidden=\"true\">490,00&nbsp;<span class=\"woocommerce-Price-currencySymbol\">&euro;<\/span><\/span> <span aria-hidden=\"true\">&ndash;<\/span> <span class=\"woocommerce-Price-amount amount\" aria-hidden=\"true\">620,00&nbsp;<span class=\"woocommerce-Price-currencySymbol\">&euro;<\/span><\/span><span class=\"screen-reader-text\">Price range: 490,00&nbsp;&euro; through 620,00&nbsp;&euro;<\/span><\/div>\n\t\t\t\t\n\t\t\t\t<div class=\"wp-block-button wc-block-grid__product-add-to-cart\"><a href=\"https:\/\/www.elbe-editions.com\/en\/oeuvre\/yesterday\/\" aria-label=\"Select options for &ldquo;Yesterday&rdquo;\" data-quantity=\"1\" data-product_id=\"2657\" data-product_sku=\"\" data-price=\"490\" rel=\"nofollow\" class=\"wp-block-button__link wp-element-button add_to_cart_button\">Select options<\/a><\/div>\n\t\t\t<\/li><li class=\"wc-block-grid__product\">\n\t\t\t\t<a href=\"https:\/\/www.elbe-editions.com\/en\/oeuvre\/the-whisperers\/\" class=\"wc-block-grid__product-link\">\n\t\t\t\t\t\n\t\t\t\t\t<div class=\"wc-block-grid__product-image\"><img loading=\"lazy\" decoding=\"async\" width=\"217\" height=\"300\" src=\"https:\/\/www.elbe-editions.com\/wp-content\/uploads\/2025\/07\/Samuel-Prudden-The-Whisperers-Shop-217x300.webp\" class=\"attachment-woocommerce_thumbnail size-woocommerce_thumbnail\" alt=\"The Whisperers\" srcset=\"https:\/\/www.elbe-editions.com\/wp-content\/uploads\/2025\/07\/Samuel-Prudden-The-Whisperers-Shop-217x300.webp 217w, https:\/\/www.elbe-editions.com\/wp-content\/uploads\/2025\/07\/Samuel-Prudden-The-Whisperers-Shop-500x692.webp 500w, https:\/\/www.elbe-editions.com\/wp-content\/uploads\/2025\/07\/Samuel-Prudden-The-Whisperers-Shop.webp 600w\" sizes=\"auto, (max-width: 217px) 100vw, 217px\" \/><\/div>\n\t\t\t\t\t<div class=\"wc-block-grid__product-title\">The Whisperers<\/div>\n\t\t\t\t<\/a>\n\t\t\t\t<div class=\"wc-block-grid__product-price price\"><span class=\"woocommerce-Price-amount amount\" aria-hidden=\"true\">490,00&nbsp;<span class=\"woocommerce-Price-currencySymbol\">&euro;<\/span><\/span> <span aria-hidden=\"true\">&ndash;<\/span> <span class=\"woocommerce-Price-amount amount\" aria-hidden=\"true\">620,00&nbsp;<span class=\"woocommerce-Price-currencySymbol\">&euro;<\/span><\/span><span class=\"screen-reader-text\">Price range: 490,00&nbsp;&euro; through 620,00&nbsp;&euro;<\/span><\/div>\n\t\t\t\t\n\t\t\t\t<div class=\"wp-block-button wc-block-grid__product-add-to-cart\"><a href=\"https:\/\/www.elbe-editions.com\/en\/oeuvre\/the-whisperers\/\" aria-label=\"Select options for &ldquo;The Whisperers&rdquo;\" data-quantity=\"1\" data-product_id=\"2614\" data-product_sku=\"\" data-price=\"490\" rel=\"nofollow\" class=\"wp-block-button__link wp-element-button add_to_cart_button\">Select options<\/a><\/div>\n\t\t\t<\/li><li class=\"wc-block-grid__product\">\n\t\t\t\t<a href=\"https:\/\/www.elbe-editions.com\/en\/oeuvre\/tete-a-tete\/\" class=\"wc-block-grid__product-link\">\n\t\t\t\t\t\n\t\t\t\t\t<div class=\"wc-block-grid__product-image\"><img loading=\"lazy\" decoding=\"async\" width=\"217\" height=\"300\" src=\"https:\/\/www.elbe-editions.com\/wp-content\/uploads\/2025\/07\/Samuel-Prudden-Tete-a-tete-Shop-217x300.webp\" class=\"attachment-woocommerce_thumbnail size-woocommerce_thumbnail\" alt=\"T\u00eate-\u00e0-T\u00eate\" srcset=\"https:\/\/www.elbe-editions.com\/wp-content\/uploads\/2025\/07\/Samuel-Prudden-Tete-a-tete-Shop-217x300.webp 217w, https:\/\/www.elbe-editions.com\/wp-content\/uploads\/2025\/07\/Samuel-Prudden-Tete-a-tete-Shop-500x692.webp 500w, https:\/\/www.elbe-editions.com\/wp-content\/uploads\/2025\/07\/Samuel-Prudden-Tete-a-tete-Shop.webp 600w\" sizes=\"auto, (max-width: 217px) 100vw, 217px\" \/><\/div>\n\t\t\t\t\t<div class=\"wc-block-grid__product-title\">T\u00eate-\u00e0-T\u00eate<\/div>\n\t\t\t\t<\/a>\n\t\t\t\t<div class=\"wc-block-grid__product-price price\"><span class=\"woocommerce-Price-amount amount\" aria-hidden=\"true\">490,00&nbsp;<span class=\"woocommerce-Price-currencySymbol\">&euro;<\/span><\/span> <span aria-hidden=\"true\">&ndash;<\/span> <span class=\"woocommerce-Price-amount amount\" aria-hidden=\"true\">620,00&nbsp;<span class=\"woocommerce-Price-currencySymbol\">&euro;<\/span><\/span><span class=\"screen-reader-text\">Price range: 490,00&nbsp;&euro; through 620,00&nbsp;&euro;<\/span><\/div>\n\t\t\t\t\n\t\t\t\t<div class=\"wp-block-button wc-block-grid__product-add-to-cart\"><a href=\"https:\/\/www.elbe-editions.com\/en\/oeuvre\/tete-a-tete\/\" aria-label=\"Select options for &ldquo;T\u00eate-\u00e0-T\u00eate&rdquo;\" data-quantity=\"1\" data-product_id=\"2666\" data-product_sku=\"\" data-price=\"490\" rel=\"nofollow\" class=\"wp-block-button__link wp-element-button add_to_cart_button\">Select options<\/a><\/div>\n\t\t\t<\/li><li class=\"wc-block-grid__product\">\n\t\t\t\t<a href=\"https:\/\/www.elbe-editions.com\/en\/oeuvre\/sunshine-daydream\/\" class=\"wc-block-grid__product-link\">\n\t\t\t\t\t\n\t\t\t\t\t<div class=\"wc-block-grid__product-image\"><img loading=\"lazy\" decoding=\"async\" width=\"217\" height=\"300\" src=\"https:\/\/www.elbe-editions.com\/wp-content\/uploads\/2025\/07\/Samuel-Prudden-Sunshine-Daydream-Shop-217x300.webp\" class=\"attachment-woocommerce_thumbnail size-woocommerce_thumbnail\" alt=\"Sunshine Daydream\" srcset=\"https:\/\/www.elbe-editions.com\/wp-content\/uploads\/2025\/07\/Samuel-Prudden-Sunshine-Daydream-Shop-217x300.webp 217w, https:\/\/www.elbe-editions.com\/wp-content\/uploads\/2025\/07\/Samuel-Prudden-Sunshine-Daydream-Shop-500x692.webp 500w, https:\/\/www.elbe-editions.com\/wp-content\/uploads\/2025\/07\/Samuel-Prudden-Sunshine-Daydream-Shop.webp 600w\" sizes=\"auto, (max-width: 217px) 100vw, 217px\" \/><\/div>\n\t\t\t\t\t<div class=\"wc-block-grid__product-title\">Sunshine Daydream<\/div>\n\t\t\t\t<\/a>\n\t\t\t\t<div class=\"wc-block-grid__product-price price\"><span class=\"woocommerce-Price-amount amount\" aria-hidden=\"true\">490,00&nbsp;<span class=\"woocommerce-Price-currencySymbol\">&euro;<\/span><\/span> <span aria-hidden=\"true\">&ndash;<\/span> <span class=\"woocommerce-Price-amount amount\" aria-hidden=\"true\">620,00&nbsp;<span class=\"woocommerce-Price-currencySymbol\">&euro;<\/span><\/span><span class=\"screen-reader-text\">Price range: 490,00&nbsp;&euro; through 620,00&nbsp;&euro;<\/span><\/div>\n\t\t\t\t\n\t\t\t\t<div class=\"wp-block-button wc-block-grid__product-add-to-cart\"><a href=\"https:\/\/www.elbe-editions.com\/en\/oeuvre\/sunshine-daydream\/\" aria-label=\"Select options for &ldquo;Sunshine Daydream&rdquo;\" data-quantity=\"1\" data-product_id=\"2675\" data-product_sku=\"\" data-price=\"490\" rel=\"nofollow\" class=\"wp-block-button__link wp-element-button add_to_cart_button\">Select options<\/a><\/div>\n\t\t\t<\/li><\/ul><\/div><\/div>\n<\/div>\n","protected":false},"excerpt":{"rendered":"","protected":false},"author":1,"featured_media":0,"parent":0,"menu_order":0,"comment_status":"closed","ping_status":"closed","template":"","meta":{"_acf_changed":false,"_uag_custom_page_level_css":"","footnotes":""},"class_list":["post-2575","page","type-page","status-publish","hentry"],"acf":[],"yoast_head":"<!-- This site is optimized with the Yoast SEO plugin v27.4 - https:\/\/yoast.com\/product\/yoast-seo-wordpress\/ -->\n<title>Cart - Elb\u00e9 Editions<\/title>\n<meta name=\"robots\" content=\"index, follow, max-snippet:-1, max-image-preview:large, max-video-preview:-1\" \/>\n<link rel=\"canonical\" href=\"https:\/\/www.elbe-editions.com\/en\/cart\/\" \/>\n<meta property=\"og:locale\" content=\"en_US\" \/>\n<meta property=\"og:type\" content=\"article\" \/>\n<meta property=\"og:title\" content=\"Cart - Elb\u00e9 Editions\" \/>\n<meta property=\"og:url\" content=\"https:\/\/www.elbe-editions.com\/en\/cart\/\" \/>\n<meta property=\"og:site_name\" content=\"Elb\u00e9 Editions\" \/>\n<meta property=\"article:modified_time\" content=\"2025-09-11T10:03:25+00:00\" \/>\n<meta name=\"twitter:card\" content=\"summary_large_image\" \/>\n<script type=\"application\/ld+json\" class=\"yoast-schema-graph\">{\"@context\":\"https:\\\/\\\/schema.org\",\"@graph\":[{\"@type\":\"WebPage\",\"@id\":\"https:\\\/\\\/www.elbe-editions.com\\\/en\\\/cart\\\/\",\"url\":\"https:\\\/\\\/www.elbe-editions.com\\\/en\\\/cart\\\/\",\"name\":\"Cart - Elb\u00e9 Editions\",\"isPartOf\":{\"@id\":\"https:\\\/\\\/www.elbe-editions.com\\\/en\\\/#website\"},\"datePublished\":\"2025-07-03T12:11:13+00:00\",\"dateModified\":\"2025-09-11T10:03:25+00:00\",\"breadcrumb\":{\"@id\":\"https:\\\/\\\/www.elbe-editions.com\\\/en\\\/cart\\\/#breadcrumb\"},\"inLanguage\":\"en-US\",\"potentialAction\":[{\"@type\":\"ReadAction\",\"target\":[\"https:\\\/\\\/www.elbe-editions.com\\\/en\\\/cart\\\/\"]}]},{\"@type\":\"BreadcrumbList\",\"@id\":\"https:\\\/\\\/www.elbe-editions.com\\\/en\\\/cart\\\/#breadcrumb\",\"itemListElement\":[{\"@type\":\"ListItem\",\"position\":1,\"name\":\"Accueil\",\"item\":\"https:\\\/\\\/www.elbe-editions.com\\\/en\\\/\"},{\"@type\":\"ListItem\",\"position\":2,\"name\":\"Cart\"}]},{\"@type\":\"WebSite\",\"@id\":\"https:\\\/\\\/www.elbe-editions.com\\\/en\\\/#website\",\"url\":\"https:\\\/\\\/www.elbe-editions.com\\\/en\\\/\",\"name\":\"Elb\u00e9 \u00c9ditions\",\"description\":\"Creative Exclusivity\",\"publisher\":{\"@id\":\"https:\\\/\\\/www.elbe-editions.com\\\/en\\\/#organization\"},\"potentialAction\":[{\"@type\":\"SearchAction\",\"target\":{\"@type\":\"EntryPoint\",\"urlTemplate\":\"https:\\\/\\\/www.elbe-editions.com\\\/en\\\/?s={search_term_string}\"},\"query-input\":{\"@type\":\"PropertyValueSpecification\",\"valueRequired\":true,\"valueName\":\"search_term_string\"}}],\"inLanguage\":\"en-US\"},{\"@type\":\"Organization\",\"@id\":\"https:\\\/\\\/www.elbe-editions.com\\\/en\\\/#organization\",\"name\":\"Elb\u00e9 \u00c9ditions\",\"url\":\"https:\\\/\\\/www.elbe-editions.com\\\/en\\\/\",\"logo\":{\"@type\":\"ImageObject\",\"inLanguage\":\"en-US\",\"@id\":\"https:\\\/\\\/www.elbe-editions.com\\\/en\\\/#\\\/schema\\\/logo\\\/image\\\/\",\"url\":\"https:\\\/\\\/www.elbe-editions.com\\\/wp-content\\\/uploads\\\/2025\\\/07\\\/logo-full-elbe-editions.svg\",\"contentUrl\":\"https:\\\/\\\/www.elbe-editions.com\\\/wp-content\\\/uploads\\\/2025\\\/07\\\/logo-full-elbe-editions.svg\",\"width\":190,\"height\":62,\"caption\":\"Elb\u00e9 \u00c9ditions\"},\"image\":{\"@id\":\"https:\\\/\\\/www.elbe-editions.com\\\/en\\\/#\\\/schema\\\/logo\\\/image\\\/\"}}]}<\/script>\n<!-- \/ Yoast SEO plugin. -->","yoast_head_json":{"title":"Cart - Elb\u00e9 Editions","robots":{"index":"index","follow":"follow","max-snippet":"max-snippet:-1","max-image-preview":"max-image-preview:large","max-video-preview":"max-video-preview:-1"},"canonical":"https:\/\/www.elbe-editions.com\/en\/cart\/","og_locale":"en_US","og_type":"article","og_title":"Cart - Elb\u00e9 Editions","og_url":"https:\/\/www.elbe-editions.com\/en\/cart\/","og_site_name":"Elb\u00e9 Editions","article_modified_time":"2025-09-11T10:03:25+00:00","twitter_card":"summary_large_image","schema":{"@context":"https:\/\/schema.org","@graph":[{"@type":"WebPage","@id":"https:\/\/www.elbe-editions.com\/en\/cart\/","url":"https:\/\/www.elbe-editions.com\/en\/cart\/","name":"Cart - Elb\u00e9 Editions","isPartOf":{"@id":"https:\/\/www.elbe-editions.com\/en\/#website"},"datePublished":"2025-07-03T12:11:13+00:00","dateModified":"2025-09-11T10:03:25+00:00","breadcrumb":{"@id":"https:\/\/www.elbe-editions.com\/en\/cart\/#breadcrumb"},"inLanguage":"en-US","potentialAction":[{"@type":"ReadAction","target":["https:\/\/www.elbe-editions.com\/en\/cart\/"]}]},{"@type":"BreadcrumbList","@id":"https:\/\/www.elbe-editions.com\/en\/cart\/#breadcrumb","itemListElement":[{"@type":"ListItem","position":1,"name":"Accueil","item":"https:\/\/www.elbe-editions.com\/en\/"},{"@type":"ListItem","position":2,"name":"Cart"}]},{"@type":"WebSite","@id":"https:\/\/www.elbe-editions.com\/en\/#website","url":"https:\/\/www.elbe-editions.com\/en\/","name":"Elb\u00e9 \u00c9ditions","description":"Creative Exclusivity","publisher":{"@id":"https:\/\/www.elbe-editions.com\/en\/#organization"},"potentialAction":[{"@type":"SearchAction","target":{"@type":"EntryPoint","urlTemplate":"https:\/\/www.elbe-editions.com\/en\/?s={search_term_string}"},"query-input":{"@type":"PropertyValueSpecification","valueRequired":true,"valueName":"search_term_string"}}],"inLanguage":"en-US"},{"@type":"Organization","@id":"https:\/\/www.elbe-editions.com\/en\/#organization","name":"Elb\u00e9 \u00c9ditions","url":"https:\/\/www.elbe-editions.com\/en\/","logo":{"@type":"ImageObject","inLanguage":"en-US","@id":"https:\/\/www.elbe-editions.com\/en\/#\/schema\/logo\/image\/","url":"https:\/\/www.elbe-editions.com\/wp-content\/uploads\/2025\/07\/logo-full-elbe-editions.svg","contentUrl":"https:\/\/www.elbe-editions.com\/wp-content\/uploads\/2025\/07\/logo-full-elbe-editions.svg","width":190,"height":62,"caption":"Elb\u00e9 \u00c9ditions"},"image":{"@id":"https:\/\/www.elbe-editions.com\/en\/#\/schema\/logo\/image\/"}}]}},"uagb_featured_image_src":{"full":false,"thumbnail":false,"medium":false,"medium_large":false,"large":false,"1536x1536":false,"2048x2048":false,"woocommerce_thumbnail":false,"woocommerce_single":false,"woocommerce_gallery_thumbnail":false,"awb_sm":false,"awb_md":false,"awb_lg":false,"awb_xl":false},"uagb_author_info":{"display_name":"admin_rjs","author_link":"https:\/\/www.elbe-editions.com\/en\/author\/admin_rjs\/"},"uagb_comment_info":0,"uagb_excerpt":null,"_links":{"self":[{"href":"https:\/\/www.elbe-editions.com\/en\/wp-json\/wp\/v2\/pages\/2575","targetHints":{"allow":["GET"]}}],"collection":[{"href":"https:\/\/www.elbe-editions.com\/en\/wp-json\/wp\/v2\/pages"}],"about":[{"href":"https:\/\/www.elbe-editions.com\/en\/wp-json\/wp\/v2\/types\/page"}],"author":[{"embeddable":true,"href":"https:\/\/www.elbe-editions.com\/en\/wp-json\/wp\/v2\/users\/1"}],"replies":[{"embeddable":true,"href":"https:\/\/www.elbe-editions.com\/en\/wp-json\/wp\/v2\/comments?post=2575"}],"version-history":[{"count":2,"href":"https:\/\/www.elbe-editions.com\/en\/wp-json\/wp\/v2\/pages\/2575\/revisions"}],"predecessor-version":[{"id":3233,"href":"https:\/\/www.elbe-editions.com\/en\/wp-json\/wp\/v2\/pages\/2575\/revisions\/3233"}],"wp:attachment":[{"href":"https:\/\/www.elbe-editions.com\/en\/wp-json\/wp\/v2\/media?parent=2575"}],"curies":[{"name":"wp","href":"https:\/\/api.w.org\/{rel}","templated":true}]}}